{"id":3004,"date":"2020-01-10T16:41:30","date_gmt":"2020-01-10T18:41:30","guid":{"rendered":"https:\/\/www.rio2c.com\/?page_id=3004"},"modified":"2022-06-30T14:14:30","modified_gmt":"2022-06-30T17:14:30","slug":"privacy-policy-and-ombudsman","status":"publish","type":"page","link":"https:\/\/content.rio2c.com\/en\/privacy-policy-and-ombudsman\/","title":{"rendered":"Privacy Policy"},"content":{"rendered":"\n\n<!-- Hero -->\n<section class=\"block-section hero wow fadeIn \" data-wow-duration=\"1.5s\" data-wow-delay=\"0.3s\">\t\n\t<div class=\"container\">\n\t\t<div class=\"row\">\n\n\t\t\t\t\t\t\t<div class=\"col-12 col-lg-8 mx-auto\">\n\t\t\t\t\t<h2>\n\t\t\t\t\t\t<h2 style=\"font-size: 2.2rem;\">The buttons below provide access to the documents of the Rio2C Privacy Policy and Code of Ethics.<\/h2>\t\t\t\t\t<\/h2>\t\t\t\n\t\t\t\t<\/div>\n\t\t\t\n\t\t\t\t\t\t\t<div class=\"col-12 col-lg-8 mx-auto\">\n\t\t\t\t\t<p>\n\t\t\t\t\t\tIn the first file, you will have knowledge, in a clear and transparent way, of all the necessary information about the website&#8217;s policies, such as the terms and conditions of use. And in the second file contains the guidelines of the Rio2C code of ethics.<br\/><br\/>\r\nClick below and check it out:\t\t\t\t\t<\/p>\t\t\t\n\t\t\t\t<\/div>\n\t\t\t\t\n\t\t\t\t\t\n\t\t<\/div>\t\n\t<\/div>\t\n<\/section>\n<!-- End Hero -->\n\n\n<section class=\"section overflow-visible text-center\">\n\n\t\n\t<div class=\"row\">\n\t\t<div class=\"col-10 mx-auto\">\n\n\t\t\t\t\t\t\t<a href=\"https:\/\/www.rio2c.com\/wp-content\/uploads\/2020\/01\/Pol\u00edtica-de-Privacidade_eng.pdf\" class=\"btn d-block d-lg-inline-block btn-lg btn-primary mb-5 mb-lg-0\" target=\"_blank\">\n\t\t\t\t\tPrivacy Policy\t\t\t\t<\/a>\t\n\t\t\t\n\t\t\t\t\t\t\t<a href=\"https:\/\/www.rio2c.com\/wp-content\/uploads\/2020\/01\/Rio2C-C\u00f3digo-de-\u00c9tica-Profissional-e-Pol\u00edtica-de-Conduta.pdf\" class=\"btn d-block d-lg-inline-block btn-lg btn-primary\" target=\"_blank\">\n\t\t\t\t\t Code of Ethics\t\t\t\t<\/a>\n\t\t\t\n\t\t<\/div>\n\t<\/div>\n\n<\/section>\n\n<style type=\"text\/css\">\r\n\tform.formIntegration2 .DinamizeDivMessageSuccess,\r\n\tform.formIntegration2 .DinamizeDivMessageAlert,\r\n\tform.formIntegration2 .DinamizeDivMessageError,\r\n\tform.formIntegration2 .DinamizeDivCaptchaMessage {display: none; margin: 0px 0px 10px; color: rgb(255, 255, 255); font-size: 14px; font-family: arial; padding: 15px;}\r\n\r\n\tform.formIntegration2 .DinamizeDivMessageSuccess {color: rgb(225, 13, 104); font-size: 2rem;}\r\n\tform.formIntegration2 .DinamizeDivMessageAlert,\r\n\tform.formIntegration2 .DinamizeDivMessageError{color: red; font-size: 1.6rem;}\r\n\tform.formIntegration2 .DinamizeDivCaptchaMessage { background-color: #ac0000; }\r\n\tform.formIntegration2.style1 .spinner { display: none; bottom: 0; height: 18px; left: 0; margin: auto; position: absolute; right: 0; top: 0; }\r\n\tform.formIntegration2.style1 .spinner > div { width: 18px; height: 18px; background-color: #fff; border-radius: 100%; display: inline-block; -webkit-animation: sk-bouncedelay 1.4s infinite ease-in-out both; animation: sk-bouncedelay 1.4s infinite ease-in-out both;}\r\n\tform.formIntegration2.style1 .spinner .bounce1 { -webkit-animation-delay: -0.32s; animation-delay: -0.32s;}\r\n\tform.formIntegration2.style1 .spinner .bounce2 { -webkit-animation-delay: -0.16s; animation-delay: -0.16s;}\t\r\n\t\t@-webkit-keyframes sk-bouncedelay { 0%, 80%, 100% { -webkit-transform: scale(0) } 40% { -webkit-transform: scale(1.0) }}\r\n\t\t@keyframes sk-bouncedelay { 0%, 80%, 100% { -webkit-transform: scale(0); transform: scale(0); } 40% { -webkit-transform: scale(1.0); transform: scale(1.0); }}\t\r\n<\/style>\r\n\r\n<section id=\"newsletter\" class=\"block-section newsletter text-center\">\r\n\t<div class=\"row\">\r\n\t\t<div class=\"col-12\">\r\n\t\t\t<img decoding=\"async\" src=\"https:\/\/content.rio2c.com\/wp-content\/themes\/rio2c\/assets\/imgs\/logo-rio2c-new.png\" alt=\"Logo Rio2C\">\r\n\t\t<\/div>\r\n\t<\/div>\r\n\t<div class=\"row\">\r\n\t\t<div class=\"col-12\">\r\n\t\t\t<h2>\r\n\t\t\t\t<span class=\"d-block d-sm-inline\">\r\n\t\t\t\t\tStay connected\t\t\t\t<\/span>\t\t\t\t\r\n\t\t\t<\/h2>\r\n\t\t<\/div>\r\n\t<\/div>\t\r\n\t<div class=\"row\">\r\n\t\t<div class=\"col-12\">\r\n\t\t\t<form version=\"2.0\" class=\"formIntegration formIntegration2 form-news-f\" accept-charset=\"UTF-8\" method=\"post\" onsubmit=\"return dinForms.ValidateForm(this)\" action=\"https:\/\/receiver.emkt.dinamize.com\/in\/329714\/1\/d8bbe\/0\" target=\"DinamizeIframeFormIntegration\">\t\r\n\t\t\t    <input type=\"hidden\" name=\"update_mode\" value=\"AS\"\/>\r\n\t\t\t    <input type=\"hidden\" name=\"form-code\" value=\"1\"\/>\r\n\t\t\t    <input type=\"hidden\" name=\"isMsg\" value=\"true\"\/>\r\n\t\t\t    <div class=\"DinamizeDivCaptchaMessage\">Captcha obrigat\u00f3rio<\/div>\r\n\t\t\t    <div class=\"DinamizeDivMessageAlert\">\r\n\t\t\t    \tThere was an error. Please check the email.\t\t\t    <\/div>\r\n\t\t\t    <div class=\"DinamizeDivMessageSuccess\">\r\n\t\t\t    \tYour email has been successfully registered!\t\t\t\t<\/div>\r\n\t\t\t    <div class=\"DinamizeDivMessageError\">\r\n\t\t\t    \tThere was an error. Please try again.\t\t\t    <\/div>\r\n\t\t        <input type=\"hidden\" name=\"text-confirmation\" value=\"U2V1IGUtbWFpbCBmb2kgY2FkYXN0cmFkbyBjb20gc3VjZXNzbyE=\"\/>\r\n\t\t        <input type=\"hidden\" name=\"text-error\" value=\"\"\/>\r\n\t\t        <input type=\"hidden\" name=\"text-alert\" value=\"\"\/>\r\n\t\t        <input type=\"hidden\" name=\"cmp4\" value=\"Contatos via site\"\/>\r\n\t\t        <input type=\"hidden\" name=\"phase-change\" value=\"off\"\/>\t\t\t    \t\t\t\t\t\t\r\n\t\t\t\t<div class=\"form-group\">\r\n\t\t\t\t\t<span class=\"has-float-label\">\r\n\t\t\t\t\t\t<input type=\"text\" name=\"cmp1\" class=\"type_EMAIL field-required \" maxlength=\"80\" placeholder=\"Enter your email and get connected.\">\r\n\t\t\t\t\t<\/span>\r\n\t\t\t\t<\/div>\t\t\t\t\t\t\t\t\t\r\n\t\t\t\t<div class=\"form-group submit\">\r\n\t\t\t\t\t<p style=\"text-align: center; text-decoration: underline;\"><a target=\"_blank\" href=\"\/wp-content\/uploads\/2020\/01\/Pol\u00edtica-de-Privacidade_eng.pdf\">Privacy Policy<\/a><\/p>\r\n\t\t\t\t\t<input type=\"submit\" class=\"btn btn-primary btn-sm dinSubmit btn-send-newsletter\" original-value=\"Sign up\" value=\"Sign up\">\t\r\n\t\t                <div class=\"spinner\">\r\n\t\t                \t<div class=\"bounce1\"><\/div>\r\n\t\t                \t<div class=\"bounce2\"><\/div>\r\n\t\t                \t<div class=\"bounce3\"><\/div>\r\n\t\t                <\/div>\t\t\t\t\t\t\t\t\t\r\n\t\t\t\t<\/div>\r\n\t\t\t<\/form>\r\n\t\t<\/div>\r\n\t<\/div>\t\r\n<\/section>","protected":false},"excerpt":{"rendered":"","protected":false},"author":11,"featured_media":276944,"parent":0,"menu_order":0,"comment_status":"closed","ping_status":"closed","template":"","meta":{"_acf_changed":false,"footnotes":""},"acf":[],"yoast_head":"<!-- This site is optimized with the Yoast SEO plugin v22.0 - https:\/\/yoast.com\/wordpress\/plugins\/seo\/ -->\n<title>Privacy Policy | Rio2C<\/title>\n<meta name=\"description\" content=\"Check out the Privacy Policy and Code of Ethics of Rio2C.\" \/>\n<meta name=\"robots\" content=\"index, follow, max-snippet:-1, max-image-preview:large, max-video-preview:-1\" \/>\n<link rel=\"canonical\" href=\"https:\/\/content.rio2c.com\/en\/privacy-policy-and-ombudsman\/\" \/>\n<meta property=\"og:locale\" content=\"en_US\" \/>\n<meta property=\"og:type\" content=\"article\" \/>\n<meta property=\"og:title\" content=\"Privacy Policy | Rio2C\" \/>\n<meta property=\"og:description\" content=\"Check out the Privacy Policy and Code of Ethics of Rio2C.\" \/>\n<meta property=\"og:url\" content=\"https:\/\/content.rio2c.com\/en\/privacy-policy-and-ombudsman\/\" \/>\n<meta property=\"og:site_name\" content=\"Rio2C - It is all connected\" \/>\n<meta property=\"article:modified_time\" content=\"2022-06-30T17:14:30+00:00\" \/>\n<meta property=\"og:image\" content=\"https:\/\/content.rio2c.com\/wp-content\/uploads\/2023\/04\/summit.jpg\" \/>\n\t<meta property=\"og:image:width\" content=\"1000\" \/>\n\t<meta property=\"og:image:height\" content=\"668\" \/>\n\t<meta property=\"og:image:type\" content=\"image\/jpeg\" \/>\n<meta name=\"twitter:card\" content=\"summary_large_image\" \/>\n<script type=\"application\/ld+json\" class=\"yoast-schema-graph\">{\"@context\":\"https:\/\/schema.org\",\"@graph\":[{\"@type\":\"WebPage\",\"@id\":\"https:\/\/content.rio2c.com\/en\/privacy-policy-and-ombudsman\/\",\"url\":\"https:\/\/content.rio2c.com\/en\/privacy-policy-and-ombudsman\/\",\"name\":\"Privacy Policy | Rio2C\",\"isPartOf\":{\"@id\":\"https:\/\/content.rio2c.com\/en\/#website\"},\"datePublished\":\"2020-01-10T18:41:30+00:00\",\"dateModified\":\"2022-06-30T17:14:30+00:00\",\"description\":\"Check out the Privacy Policy and Code of Ethics of Rio2C.\",\"breadcrumb\":{\"@id\":\"https:\/\/content.rio2c.com\/en\/privacy-policy-and-ombudsman\/#breadcrumb\"},\"inLanguage\":\"en-US\",\"potentialAction\":[{\"@type\":\"ReadAction\",\"target\":[\"https:\/\/content.rio2c.com\/en\/privacy-policy-and-ombudsman\/\"]}]},{\"@type\":\"BreadcrumbList\",\"@id\":\"https:\/\/content.rio2c.com\/en\/privacy-policy-and-ombudsman\/#breadcrumb\",\"itemListElement\":[{\"@type\":\"ListItem\",\"position\":1,\"name\":\"Home\",\"item\":\"https:\/\/content.rio2c.com\/en\/\"},{\"@type\":\"ListItem\",\"position\":2,\"name\":\"Privacy Policy\"}]},{\"@type\":\"WebSite\",\"@id\":\"https:\/\/content.rio2c.com\/en\/#website\",\"url\":\"https:\/\/content.rio2c.com\/en\/\",\"name\":\"Rio2C - It is all connected\",\"description\":\"Rio2C 2024 - De 03 a 09 de junho, na Cidade das Artes, Rio de Janeiro.\",\"publisher\":{\"@id\":\"https:\/\/content.rio2c.com\/en\/#organization\"},\"potentialAction\":[{\"@type\":\"SearchAction\",\"target\":{\"@type\":\"EntryPoint\",\"urlTemplate\":\"https:\/\/content.rio2c.com\/en\/?s={search_term_string}\"},\"query-input\":\"required name=search_term_string\"}],\"inLanguage\":\"en-US\"},{\"@type\":\"Organization\",\"@id\":\"https:\/\/content.rio2c.com\/en\/#organization\",\"name\":\"Rio2C\",\"url\":\"https:\/\/content.rio2c.com\/en\/\",\"logo\":{\"@type\":\"ImageObject\",\"inLanguage\":\"en-US\",\"@id\":\"https:\/\/content.rio2c.com\/en\/#\/schema\/logo\/image\/\",\"url\":\"https:\/\/www.rio2c.com\/wp-content\/uploads\/2019\/10\/logo-short.png\",\"contentUrl\":\"https:\/\/www.rio2c.com\/wp-content\/uploads\/2019\/10\/logo-short.png\",\"width\":82,\"height\":85,\"caption\":\"Rio2C\"},\"image\":{\"@id\":\"https:\/\/content.rio2c.com\/en\/#\/schema\/logo\/image\/\"}}]}<\/script>\n<!-- \/ Yoast SEO plugin. -->","yoast_head_json":{"title":"Privacy Policy | Rio2C","description":"Check out the Privacy Policy and Code of Ethics of Rio2C.","robots":{"index":"index","follow":"follow","max-snippet":"max-snippet:-1","max-image-preview":"max-image-preview:large","max-video-preview":"max-video-preview:-1"},"canonical":"https:\/\/content.rio2c.com\/en\/privacy-policy-and-ombudsman\/","og_locale":"en_US","og_type":"article","og_title":"Privacy Policy | Rio2C","og_description":"Check out the Privacy Policy and Code of Ethics of Rio2C.","og_url":"https:\/\/content.rio2c.com\/en\/privacy-policy-and-ombudsman\/","og_site_name":"Rio2C - It is all connected","article_modified_time":"2022-06-30T17:14:30+00:00","og_image":[{"width":1000,"height":668,"url":"https:\/\/content.rio2c.com\/wp-content\/uploads\/2023\/04\/summit.jpg","type":"image\/jpeg"}],"twitter_card":"summary_large_image","schema":{"@context":"https:\/\/schema.org","@graph":[{"@type":"WebPage","@id":"https:\/\/content.rio2c.com\/en\/privacy-policy-and-ombudsman\/","url":"https:\/\/content.rio2c.com\/en\/privacy-policy-and-ombudsman\/","name":"Privacy Policy | Rio2C","isPartOf":{"@id":"https:\/\/content.rio2c.com\/en\/#website"},"datePublished":"2020-01-10T18:41:30+00:00","dateModified":"2022-06-30T17:14:30+00:00","description":"Check out the Privacy Policy and Code of Ethics of Rio2C.","breadcrumb":{"@id":"https:\/\/content.rio2c.com\/en\/privacy-policy-and-ombudsman\/#breadcrumb"},"inLanguage":"en-US","potentialAction":[{"@type":"ReadAction","target":["https:\/\/content.rio2c.com\/en\/privacy-policy-and-ombudsman\/"]}]},{"@type":"BreadcrumbList","@id":"https:\/\/content.rio2c.com\/en\/privacy-policy-and-ombudsman\/#breadcrumb","itemListElement":[{"@type":"ListItem","position":1,"name":"Home","item":"https:\/\/content.rio2c.com\/en\/"},{"@type":"ListItem","position":2,"name":"Privacy Policy"}]},{"@type":"WebSite","@id":"https:\/\/content.rio2c.com\/en\/#website","url":"https:\/\/content.rio2c.com\/en\/","name":"Rio2C - It is all connected","description":"Rio2C 2024 - De 03 a 09 de junho, na Cidade das Artes, Rio de Janeiro.","publisher":{"@id":"https:\/\/content.rio2c.com\/en\/#organization"},"potentialAction":[{"@type":"SearchAction","target":{"@type":"EntryPoint","urlTemplate":"https:\/\/content.rio2c.com\/en\/?s={search_term_string}"},"query-input":"required name=search_term_string"}],"inLanguage":"en-US"},{"@type":"Organization","@id":"https:\/\/content.rio2c.com\/en\/#organization","name":"Rio2C","url":"https:\/\/content.rio2c.com\/en\/","logo":{"@type":"ImageObject","inLanguage":"en-US","@id":"https:\/\/content.rio2c.com\/en\/#\/schema\/logo\/image\/","url":"https:\/\/www.rio2c.com\/wp-content\/uploads\/2019\/10\/logo-short.png","contentUrl":"https:\/\/www.rio2c.com\/wp-content\/uploads\/2019\/10\/logo-short.png","width":82,"height":85,"caption":"Rio2C"},"image":{"@id":"https:\/\/content.rio2c.com\/en\/#\/schema\/logo\/image\/"}}]}},"_links":{"self":[{"href":"https:\/\/content.rio2c.com\/en\/wp-json\/wp\/v2\/pages\/3004"}],"collection":[{"href":"https:\/\/content.rio2c.com\/en\/wp-json\/wp\/v2\/pages"}],"about":[{"href":"https:\/\/content.rio2c.com\/en\/wp-json\/wp\/v2\/types\/page"}],"author":[{"embeddable":true,"href":"https:\/\/content.rio2c.com\/en\/wp-json\/wp\/v2\/users\/11"}],"replies":[{"embeddable":true,"href":"https:\/\/content.rio2c.com\/en\/wp-json\/wp\/v2\/comments?post=3004"}],"version-history":[{"count":15,"href":"https:\/\/content.rio2c.com\/en\/wp-json\/wp\/v2\/pages\/3004\/revisions"}],"predecessor-version":[{"id":7869,"href":"https:\/\/content.rio2c.com\/en\/wp-json\/wp\/v2\/pages\/3004\/revisions\/7869"}],"wp:featuredmedia":[{"embeddable":true,"href":"https:\/\/content.rio2c.com\/en\/wp-json\/wp\/v2\/media\/276944"}],"wp:attachment":[{"href":"https:\/\/content.rio2c.com\/en\/wp-json\/wp\/v2\/media?parent=3004"}],"curies":[{"name":"wp","href":"https:\/\/api.w.org\/{rel}","templated":true}]}}